{"id":32,"date":"2024-02-02T10:17:48","date_gmt":"2024-02-02T09:17:48","guid":{"rendered":"https:\/\/jf-archive.atgb-beta.com\/?page_id=32"},"modified":"2024-03-22T15:25:55","modified_gmt":"2024-03-22T14:25:55","slug":"presentation","status":"publish","type":"page","link":"https:\/\/jf-archive.atgb-beta.com\/index.php\/presentation\/","title":{"rendered":"L&rsquo;atelier"},"content":{"rendered":"<p>[et_pb_section fb_built=\u00a0\u00bb1&Prime; admin_label=\u00a0\u00bbHeader\u00a0\u00bb _builder_version=\u00a0\u00bb4.23.4&Prime; _module_preset=\u00a0\u00bbdefault\u00a0\u00bb background_color=\u00a0\u00bb#FFFFFF\u00a0\u00bb custom_margin=\u00a0\u00bb75px||||false|false\u00a0\u00bb custom_padding=\u00a0\u00bb||||false|false\u00a0\u00bb global_colors_info=\u00a0\u00bb{}\u00a0\u00bb][et_pb_row column_structure=\u00a0\u00bb1_2,1_2&Prime; make_equal=\u00a0\u00bbon\u00a0\u00bb _builder_version=\u00a0\u00bb4.23.4&Prime; _module_preset=\u00a0\u00bbdefault\u00a0\u00bb background_color=\u00a0\u00bbRGBA(255,255,255,0)\u00a0\u00bb width=\u00a0\u00bbauto\u00a0\u00bb max_width=\u00a0\u00bb80%\u00a0\u00bb module_alignment=\u00a0\u00bbcenter\u00a0\u00bb global_colors_info=\u00a0\u00bb{}\u00a0\u00bb][et_pb_column type=\u00a0\u00bb1_2&Prime; _builder_version=\u00a0\u00bb4.17.6&Prime; _module_preset=\u00a0\u00bbdefault\u00a0\u00bb z_index=\u00a0\u00bb10&Prime; custom_padding_tablet=\u00a0\u00bb5%|10%|5%|10%|true|true\u00a0\u00bb custom_padding_phone=\u00a0\u00bb5%|10%|5%|10%|true|true\u00a0\u00bb custom_padding_last_edited=\u00a0\u00bbon|phone\u00a0\u00bb global_colors_info=\u00a0\u00bb{}\u00a0\u00bb][et_pb_text _builder_version=\u00a0\u00bb4.23.4&Prime; _module_preset=\u00a0\u00bb381dae94-24d7-4aff-b920-d622376eafad\u00a0\u00bb header_5_font=\u00a0\u00bbSacramento||||||||\u00a0\u00bb header_5_text_color=\u00a0\u00bb#000000&Prime; header_5_font_size=\u00a0\u00bb80px\u00a0\u00bb header_5_line_height=\u00a0\u00bb1.2em\u00a0\u00bb max_width=\u00a0\u00bb100%\u00a0\u00bb custom_margin=\u00a0\u00bb|-30%|||false|false\u00a0\u00bb custom_margin_tablet=\u00a0\u00bb|0%|||false|false\u00a0\u00bb custom_margin_phone=\u00a0\u00bb|0%|||false|false\u00a0\u00bb custom_margin_last_edited=\u00a0\u00bbon|desktop\u00a0\u00bb header_5_font_size_tablet=\u00a0\u00bb40px\u00a0\u00bb header_5_font_size_phone=\u00a0\u00bb34px\u00a0\u00bb header_5_font_size_last_edited=\u00a0\u00bbon|phone\u00a0\u00bb global_colors_info=\u00a0\u00bb{}\u00a0\u00bb]<\/p>\n<h1>L&rsquo;atelier<\/h1>\n<p>[\/et_pb_text][\/et_pb_column][et_pb_column type=\u00a0\u00bb1_2&Prime; _builder_version=\u00a0\u00bb4.23.4&Prime; _module_preset=\u00a0\u00bbdefault\u00a0\u00bb background_enable_color=\u00a0\u00bboff\u00a0\u00bb background_enable_image=\u00a0\u00bboff\u00a0\u00bb global_colors_info=\u00a0\u00bb{}\u00a0\u00bb][\/et_pb_column][\/et_pb_row][et_pb_row column_structure=\u00a0\u00bb2_5,3_5&Prime; make_equal=\u00a0\u00bbon\u00a0\u00bb _builder_version=\u00a0\u00bb4.23.4&Prime; _module_preset=\u00a0\u00bbdefault\u00a0\u00bb background_color=\u00a0\u00bbRGBA(255,255,255,0)\u00a0\u00bb width=\u00a0\u00bbauto\u00a0\u00bb module_alignment=\u00a0\u00bbcenter\u00a0\u00bb global_colors_info=\u00a0\u00bb{}\u00a0\u00bb][et_pb_column type=\u00a0\u00bb2_5&Prime; _builder_version=\u00a0\u00bb4.17.6&Prime; _module_preset=\u00a0\u00bbdefault\u00a0\u00bb z_index=\u00a0\u00bb10&Prime; custom_padding_tablet=\u00a0\u00bb5%|10%|5%|10%|true|true\u00a0\u00bb custom_padding_phone=\u00a0\u00bb5%|10%|5%|10%|true|true\u00a0\u00bb custom_padding_last_edited=\u00a0\u00bbon|phone\u00a0\u00bb global_colors_info=\u00a0\u00bb{}\u00a0\u00bb][et_pb_image src=\u00a0\u00bbhttps:\/\/jf-archive.atgb-beta.com\/wp-content\/uploads\/2024\/03\/portrait-julie-freour_low.png\u00a0\u00bb title_text=\u00a0\u00bbportrait-julie-freour_low\u00a0\u00bb _builder_version=\u00a0\u00bb4.23.4&Prime; _module_preset=\u00a0\u00bbdefault\u00a0\u00bb max_width=\u00a0\u00bb800px\u00a0\u00bb custom_padding=\u00a0\u00bb||0vh||false|false\u00a0\u00bb locked=\u00a0\u00bboff\u00a0\u00bb global_colors_info=\u00a0\u00bb{}\u00a0\u00bb][\/et_pb_image][\/et_pb_column][et_pb_column type=\u00a0\u00bb3_5&Prime; _builder_version=\u00a0\u00bb4.23.4&Prime; _module_preset=\u00a0\u00bbdefault\u00a0\u00bb background_enable_color=\u00a0\u00bboff\u00a0\u00bb background_enable_image=\u00a0\u00bboff\u00a0\u00bb global_colors_info=\u00a0\u00bb{}\u00a0\u00bb][et_pb_text _builder_version=\u00a0\u00bb4.23.4&Prime; _module_preset=\u00a0\u00bbdefault\u00a0\u00bb text_orientation=\u00a0\u00bbjustified\u00a0\u00bb custom_margin=\u00a0\u00bb||30px|||\u00a0\u00bb global_colors_info=\u00a0\u00bb{}\u00a0\u00bb]<\/p>\n<h2>Pr\u00e9sentation<\/h2>\n<p>[\/et_pb_text][et_pb_text _builder_version=\u00a0\u00bb4.23.4&Prime; _module_preset=\u00a0\u00bbdefault\u00a0\u00bb text_orientation=\u00a0\u00bbjustified\u00a0\u00bb custom_margin=\u00a0\u00bb||50px|||\u00a0\u00bb global_colors_info=\u00a0\u00bb{}\u00a0\u00bb]Julie Fr\u00e9our, architecte D.P.L.G, est dipl\u00f4m\u00e9e de l\u2019\u00e9cole d\u2019Architecture de Paris La Villette en 2003 (Mention Tr\u00e8s Bien). Baign\u00e9e depuis l\u2019enfance dans un environnement familial artistique et cr\u00e9atif tr\u00e8s stimulant, elle trouve une r\u00e9sonnance naturelle dans l\u2019Architecture\u00a0qui devient pour elle une forme de synth\u00e8se entre la peinture et la sculpture, dans une sorte d\u2019entre-deux \u00e0 grande-\u00e9chelle entre l\u2019Art de sculpter le vide et celui de colorer l\u2019espace. Elle explore d\u2019abord l\u2019architecture des mus\u00e9es et \u00e9quipements culturels en agences d\u2019architecture \u00e0 Paris. Aupr\u00e8s d\u2019un concepteur-lumi\u00e8re, elle s\u2019ouvre au monde de la lumi\u00e8re et de la sc\u00e9nographie lumineuse de nos villes et de ses espaces commerciaux con\u00e7us comme lieux de bien-\u00eatre et de po\u00e9sie. Elle r\u00e9alise son premier projet de r\u00e9habilitation d\u2019un patrimoine existant en transformant une villa de bord de mer. Parall\u00e8lement, elle se tourne vers la conception et le design \u00e9co-responsable de mobiliers pour enfant \u00e0 la naissance de son premier enfant.<\/p>\n<p>Depuis 2011, son atelier travaille \u00e0 la r\u00e9novation et au renouveau de plus d\u2019une centaine de projets \u00e0 Paris, en r\u00e9gion parisienne et en province qu\u2019ils soient r\u00e9sidentiels ou professionnels. \u0152uvrer tout \u00e0 la fois \u00e0 la pr\u00e9servation et \u00e0 la r\u00e9\u00e9criture contemporaine du b\u00e2ti existant est devenu son terrain de pr\u00e9dilection. Pour chaque projet qui lui est confi\u00e9, l\u2019atelier s\u2019attache humblement et g\u00e9n\u00e9reusement \u00e0 conjuguer le pass\u00e9 au pr\u00e9sent, tout en conciliant l\u2019histoire des lieux aux contraintes humaines, fonctionnelles, sociales, spatiales mais aussi r\u00e8glementaires, environnementales, techniques, budg\u00e9taires\u2026<\/p>\n<p>Le projet con\u00e7u et imagin\u00e9 par l\u2019atelier doit enfin sa r\u00e9alisation \u00e0 un v\u00e9ritable travail d\u2019\u00e9quipe n\u00e9 d\u2019une \u00e9troite collaboration et en coordination avec l\u2019ensemble des acteurs du b\u00e2timent (ing\u00e9nieurs, constructeurs, artisans\u2026).[\/et_pb_text][\/et_pb_column][\/et_pb_row][\/et_pb_section][et_pb_section fb_built=\u00a0\u00bb1&Prime; _builder_version=\u00a0\u00bb4.23.4&Prime; _module_preset=\u00a0\u00bbdefault\u00a0\u00bb use_background_color_gradient=\u00a0\u00bbon\u00a0\u00bb background_color_gradient_direction=\u00a0\u00bb90deg\u00a0\u00bb background_color_gradient_stops=\u00a0\u00bbgcid-5d88663e-1005-41e9-b95c-6dc4a06c0559 27%|gcid-2c1543f3-3f85-46e0-ac2a-6816132604b5 27%\u00a0\u00bb hover_enabled=\u00a0\u00bb0&Prime; global_colors_info=\u00a0\u00bb{%22gcid-ee466ac9-1b31-4dae-a00f-a4817f7d4b95%22:%91%22background_color_gradient_stops%22%93,%22gcid-5d88663e-1005-41e9-b95c-6dc4a06c0559%22:%91%22background_color_gradient_stops%22%93,%22gcid-d2e4a907-fd38-4a70-a871-0f8616c2732e%22:%91%22background_color_gradient_stops%22%93,%22gcid-d5309fb5-09d0-4b2d-8c70-75d905803184%22:%91%22background_color_gradient_stops%22%93,%22gcid-6a9d58c1-8df6-4289-af74-4c5ed0a252ce%22:%91%22background_color_gradient_stops%22%93,%22gcid-6f41ea2d-7bfd-4759-a91d-b38e8a762969%22:%91%22background_color_gradient_stops%22%93,%22gcid-2c1543f3-3f85-46e0-ac2a-6816132604b5%22:%91%22background_color_gradient_stops%22%93}\u00a0\u00bb sticky_enabled=\u00a0\u00bb0&Prime;][et_pb_row column_structure=\u00a0\u00bb2_5,3_5&Prime; _builder_version=\u00a0\u00bb4.23.4&Prime; _module_preset=\u00a0\u00bbdefault\u00a0\u00bb global_colors_info=\u00a0\u00bb{}\u00a0\u00bb][et_pb_column type=\u00a0\u00bb2_5&Prime; _builder_version=\u00a0\u00bb4.23.4&Prime; _module_preset=\u00a0\u00bbdefault\u00a0\u00bb global_colors_info=\u00a0\u00bb{}\u00a0\u00bb][et_pb_image src=\u00a0\u00bbhttps:\/\/jf-archive.atgb-beta.com\/wp-content\/uploads\/2024\/03\/residentiel_DORURE-PARIS-4_JULIE-FREOUR14.jpg\u00a0\u00bb title_text=\u00a0\u00bbresidentiel_DORURE &#8211; PARIS 4_JULIE-FREOUR14&Prime; _builder_version=\u00a0\u00bb4.23.4&Prime; _module_preset=\u00a0\u00bbdefault\u00a0\u00bb global_colors_info=\u00a0\u00bb{}\u00a0\u00bb][\/et_pb_image][\/et_pb_column][et_pb_column type=\u00a0\u00bb3_5&Prime; _builder_version=\u00a0\u00bb4.23.4&Prime; _module_preset=\u00a0\u00bbdefault\u00a0\u00bb global_colors_info=\u00a0\u00bb{}\u00a0\u00bb][et_pb_text _builder_version=\u00a0\u00bb4.23.4&Prime; _module_preset=\u00a0\u00bb7b39e609-07da-4c2d-b385-8265485d0349&Prime; custom_margin=\u00a0\u00bb||29px|||\u00a0\u00bb locked=\u00a0\u00bboff\u00a0\u00bb global_colors_info=\u00a0\u00bb{}\u00a0\u00bb]<\/p>\n<h2>D\u00e9marche \/ Philosophie<\/h2>\n<p>[\/et_pb_text][et_pb_text _builder_version=\u00a0\u00bb4.23.4&Prime; _module_preset=\u00a0\u00bbaec0be99-8a53-4f75-abf2-64f29a8b4cc2&Prime; text_font=\u00a0\u00bb||||||||\u00a0\u00bb text_line_height=\u00a0\u00bb1.6em\u00a0\u00bb link_text_color=\u00a0\u00bb#000000&Prime; text_orientation=\u00a0\u00bbjustified\u00a0\u00bb custom_padding=\u00a0\u00bb||20px||false|false\u00a0\u00bb text_font_size_tablet=\u00a0\u00bb16px\u00a0\u00bb text_font_size_phone=\u00a0\u00bb14px\u00a0\u00bb text_font_size_last_edited=\u00a0\u00bbon|phone\u00a0\u00bb global_colors_info=\u00a0\u00bb{}\u00a0\u00bb]\u00ab\u00a0Dessinez chaque chose en pensant \u00e0 son contexte imm\u00e9diat : une chaise dans une pi\u00e8ce, une pi\u00e8ce dans une maison, une maison dans un environnement, un environnement dans un plan de ville.\u00a0\u00bb<br \/>\nELIEL SAARINEN, architecte Finlandais (1873 \u2013 1950)<\/p>\n<p>\u00c0 l\u2019\u00e9coute et tr\u00e8s attentif aux besoins et aux souhaits de ses clients, l\u2019atelier \u00e9labore un projet dans l\u2019\u00e9change et la concertation, en proposant une nouvelle \u00e9criture architecturale des lieux pour mieux en r\u00e9v\u00e9ler ses atouts, sa lumi\u00e8re, les secrets parfois ou la po\u00e9sie, avec un id\u00e9al au c\u0153ur\u00a0: r\u00e9enchanter l\u2019habitat.<br \/>\nL\u2019atelier offre une conception sur mesure et \u00e0 taille humaine, \u00e0 l\u2019\u00e9chelle de l\u2019habitat jusqu\u2019au d\u00e9tail du mobilier, si indispensable au confort de nos vies. L\u2019espace et son mobilier s\u2019interp\u00e9n\u00e8trent l\u2019un l\u2019autre.\u2028Les meubles sur mesure sculptent l\u2019espace int\u00e9rieur et nous rappellent que joindre le beau et le fonctionnel est sans cesse r\u00e9alisable.<br \/>\nTravailler\u00a0sur l\u2019architecture, c\u2019est aussi\u00a0fa\u00e7onner\u00a0la lumi\u00e8re naturelle et artificielle, utiliser la couleur\u00a0comme source de vie, la notion\u00a0de rythmes\u00a0ou\u00a0de mouvement,\u00a0telle une partition musicale,\u00a0dans une recherche constante \u00a0d\u2019\u00e9veil de nos\u00a0perceptions et de nos\u00a0sens.<br \/>\nEnfin et de plus en plus, l\u2019atelier a la volont\u00e9 de participer \u00e0 la dynamique de r\u00e9novation \u00e9nerg\u00e9tique des b\u00e2timents, pour r\u00e9duire significativement l\u2019emprunte carbone du b\u00e2ti. Comme la loi Climat &#038; R\u00e9silience nous y engage et avec humilit\u00e9, l\u2019atelier s\u2019attache \u00e0 conserver ou r\u00e9utiliser ce qui peut l\u2019\u00eatre,  \u00e0 introduire des mat\u00e9riaux bio-sourc\u00e9s, \u00e0  s\u2019entourer de fournisseurs \u00e9co-responsables et \u00e0 engager avec ses clients de nouvelles dispositions respectueuses de l\u2019environnement. L\u2019\u00e9b\u00e9nisterie, l\u2019artisanat, le bois, la brique, les mati\u00e8res naturelles et vivantes occupent ainsi une place pr\u00e9pond\u00e9rante dans les projets r\u00e9alis\u00e9s.[\/et_pb_text][\/et_pb_column][\/et_pb_row][\/et_pb_section][et_pb_section fb_built=\u00a0\u00bb1&Prime; _builder_version=\u00a0\u00bb4.23.4&Prime; _module_preset=\u00a0\u00bbdefault\u00a0\u00bb background_color=\u00a0\u00bbgcid-ec7d0b8c-66dd-4fd3-8c68-99b014916e85&Prime; hover_enabled=\u00a0\u00bb0&Prime; global_colors_info=\u00a0\u00bb{%22gcid-5d88663e-1005-41e9-b95c-6dc4a06c0559%22:%91%22background_color_gradient_stops%22%93,%22gcid-b8fad1f1-f982-4914-b4aa-964d58d04806%22:%91%22background_color_gradient_stops%22%93,%22gcid-b3053f13-ea70-41ce-a9ba-dcb1e75e70ef%22:%91%22background_color_gradient_stops%22%93,%22gcid-89608815-a905-4268-a83e-fa89d937165a%22:%91%22background_color_gradient_stops%22%93,%22gcid-ec7d0b8c-66dd-4fd3-8c68-99b014916e85%22:%91%22background_color%22%93}\u00a0\u00bb sticky_enabled=\u00a0\u00bb0&Prime;][et_pb_row column_structure=\u00a0\u00bb2_5,3_5&Prime; _builder_version=\u00a0\u00bb4.23.4&Prime; _module_preset=\u00a0\u00bbdefault\u00a0\u00bb max_width=\u00a0\u00bb100%\u00a0\u00bb max_width_tablet=\u00a0\u00bb100%\u00a0\u00bb max_width_phone=\u00a0\u00bb100%\u00a0\u00bb max_width_last_edited=\u00a0\u00bbon|tablet\u00a0\u00bb global_colors_info=\u00a0\u00bb{}\u00a0\u00bb][et_pb_column type=\u00a0\u00bb2_5&Prime; _builder_version=\u00a0\u00bb4.23.4&Prime; _module_preset=\u00a0\u00bbdefault\u00a0\u00bb global_colors_info=\u00a0\u00bb{}\u00a0\u00bb][et_pb_image src=\u00a0\u00bbhttps:\/\/jf-archive.atgb-beta.com\/wp-content\/uploads\/2024\/02\/residentiel_MAISON_MEUDON-ROMANTIQUE_JULIE-FREOUR23.jpg\u00a0\u00bb title_text=\u00a0\u00bbresidentiel_MAISON_MEUDON-ROMANTIQUE_JULIE-FREOUR23&Prime; _builder_version=\u00a0\u00bb4.23.4&Prime; _module_preset=\u00a0\u00bbdefault\u00a0\u00bb hover_enabled=\u00a0\u00bb0&Prime; global_colors_info=\u00a0\u00bb{}\u00a0\u00bb sticky_enabled=\u00a0\u00bb0&Prime;][\/et_pb_image][\/et_pb_column][et_pb_column type=\u00a0\u00bb3_5&Prime; _builder_version=\u00a0\u00bb4.23.4&Prime; _module_preset=\u00a0\u00bbdefault\u00a0\u00bb global_colors_info=\u00a0\u00bb{}\u00a0\u00bb][et_pb_text _builder_version=\u00a0\u00bb4.23.4&Prime; _module_preset=\u00a0\u00bb7b39e609-07da-4c2d-b385-8265485d0349&Prime; locked=\u00a0\u00bboff\u00a0\u00bb global_colors_info=\u00a0\u00bb{}\u00a0\u00bb min_height=\u00a0\u00bb16px\u00a0\u00bb]<\/p>\n<h1>Missions<\/h1>\n<p>[\/et_pb_text][et_pb_text _builder_version=\u00a0\u00bb4.23.4&Prime; _module_preset=\u00a0\u00bbaec0be99-8a53-4f75-abf2-64f29a8b4cc2&Prime; text_orientation=\u00a0\u00bbjustified\u00a0\u00bb global_colors_info=\u00a0\u00bb{}\u00a0\u00bb]<\/p>\n<p><strong>Accompagnement personnalis\u00e9 et sur mesure, en 5 \u00e9tapes<\/strong><\/p>\n<p>L\u2019atelier accompagne ses clients dans tous leurs projets, qu\u2019ils soient professionnels ou r\u00e9sidentiels, depuis la conception et jusqu\u2019\u00e0 la r\u00e9ception\u00a0:<\/p>\n<p>1 : RENCONTRE \/ VISITE DES LIEUX \/ DEFINITION DU PROGRAMME et DU BUDGET<br \/>Dans le dialogue et la concertation, \u00e9tablissement du Cahier des Charges et des \u00e9l\u00e9ments de mission (partielle ou compl\u00e8te) puis du devis suivi du contrat correspondants.<\/p>\n<p>2 : ETUDE DE FAISABILITE \/ ETUDES PR\u00c9LIMINAIRES \/ ESQUISSES GENERALES DU PROJET\u2028Analyse du site, relev\u00e9s des ouvrages existants et \u00e9tat des lieux.<br \/>Analyse des documents r\u00e8glementaires et techniques relatifs au projet (Respect des R\u00e8glements d\u2019urbanisme et\/ou de copropri\u00e9t\u00e9\u2026)<br \/>Esquisse de 2 solutions d\u2019ensemble avec repr\u00e9sentation graphique du projet en plans et en volume (mod\u00e9lisation d\u2019Images3D).<\/p>\n<p>3 : CONCEPTION GLOBALE ET APPROFONDIE DU PROJET\u2028Une fois le projet retenu par nos clients : Pr\u00e9sentation des plans d\u2019Avant-projet sommaire (APS) puis d\u2019Avant-projet d\u00e9finitif (APD). Etude g\u00e9n\u00e9rale approfondie et \u00e9laboration des plans de d\u00e9tails du projet, d\u00e9finition de ses aspects techniques et de ses mat\u00e9riaux (int\u00e9rieurs &amp; ext\u00e9rieurs), couleurs, \u00e9clairages\u2026<br \/>Si le projet le n\u00e9cessite\u00a0: Constitution des Pi\u00e8ces et des Dossiers administratifs\u00a0pour les projets soumis \u00e0 autorisation d\u2019urbanisme, Dossier de demande de permis de Construire ou de D\u00e9claration pr\u00e9alable de Travaux \/ Dossiers optionnels \u00e0 soumettre en AG de copropri\u00e9t\u00e9 etc.<\/p>\n<p>4 : DOSSIER DE CONSULTATION DES ENTREPRISES et PREPARATION DU CHANTIER<br \/>Etablissement du descriptif \u00e9crit et d\u00e9taill\u00e9 des travaux \u00e0 r\u00e9aliser (CCTP\u00a0: cahier des clauses techniques particuli\u00e8res) accompagn\u00e9 du dossier de plans g\u00e9n\u00e9raux et plans de d\u00e9tails permettant le chiffrage comparatif des travaux par les entreprises consult\u00e9es. Assistance de nos clients lors du d\u00e9pouillement des offres en vue d\u2019une optimisation des co\u00fbts \/ Assistance \u00e0 la signature des contrats de travaux.<\/p>\n<p>5 : DIRECTION DES TRAVAUX\u2028Suivi et coordination du chantier, organisation des r\u00e9unions hebdomadaires. Suivi administratif des paiements. Assistance aux op\u00e9rations de r\u00e9ception des travaux.<\/p>\n<p>[\/et_pb_text][\/et_pb_column][\/et_pb_row][\/et_pb_section]<\/p>\n","protected":false},"excerpt":{"rendered":"<p>Julie Fr\u00e9our, architecte D.P.L.G, est dipl\u00f4m\u00e9e de l\u2019\u00e9cole d\u2019Architecture de Paris La Villette en 2003 (Mention Tr\u00e8s Bien). Baign\u00e9e depuis l\u2019enfance dans un environnement familial artistique et cr\u00e9atif tr\u00e8s stimulant, elle trouve une r\u00e9sonnance naturelle dans l\u2019Architecture\u00a0qui devient pour elle une forme de synth\u00e8se entre la peinture et la sculpture, dans une sorte d\u2019entre-deux \u00e0 grande-\u00e9chelle entre l\u2019Art de sculpter le vide et celui de colorer l\u2019espace.<\/p>\n","protected":false},"author":1,"featured_media":0,"parent":0,"menu_order":0,"comment_status":"closed","ping_status":"closed","template":"","meta":{"_acf_changed":false,"_et_pb_use_builder":"on","_et_pb_old_content":"","_et_gb_content_width":"","footnotes":""},"acf":[],"aioseo_notices":[],"_links":{"self":[{"href":"https:\/\/jf-archive.atgb-beta.com\/index.php\/wp-json\/wp\/v2\/pages\/32"}],"collection":[{"href":"https:\/\/jf-archive.atgb-beta.com\/index.php\/wp-json\/wp\/v2\/pages"}],"about":[{"href":"https:\/\/jf-archive.atgb-beta.com\/index.php\/wp-json\/wp\/v2\/types\/page"}],"author":[{"embeddable":true,"href":"https:\/\/jf-archive.atgb-beta.com\/index.php\/wp-json\/wp\/v2\/users\/1"}],"replies":[{"embeddable":true,"href":"https:\/\/jf-archive.atgb-beta.com\/index.php\/wp-json\/wp\/v2\/comments?post=32"}],"version-history":[{"count":42,"href":"https:\/\/jf-archive.atgb-beta.com\/index.php\/wp-json\/wp\/v2\/pages\/32\/revisions"}],"predecessor-version":[{"id":2224,"href":"https:\/\/jf-archive.atgb-beta.com\/index.php\/wp-json\/wp\/v2\/pages\/32\/revisions\/2224"}],"wp:attachment":[{"href":"https:\/\/jf-archive.atgb-beta.com\/index.php\/wp-json\/wp\/v2\/media?parent=32"}],"curies":[{"name":"wp","href":"https:\/\/api.w.org\/{rel}","templated":true}]}}