{"id":275,"date":"2024-02-06T17:21:54","date_gmt":"2024-02-06T16:21:54","guid":{"rendered":"https:\/\/jf-archive.atgb-beta.com\/?page_id=275"},"modified":"2024-03-25T10:38:03","modified_gmt":"2024-03-25T09:38:03","slug":"bienvenue","status":"publish","type":"page","link":"https:\/\/jf-archive.atgb-beta.com\/","title":{"rendered":"Bienvenue"},"content":{"rendered":"<p>[et_pb_section fb_built=\u00a0\u00bb1&Prime; fullwidth=\u00a0\u00bbon\u00a0\u00bb _builder_version=\u00a0\u00bb4.23.4&Prime; _module_preset=\u00a0\u00bbdefault\u00a0\u00bb global_colors_info=\u00a0\u00bb{}\u00a0\u00bb][et_pb_fullwidth_post_slider posts_number=\u00a0\u00bb8&Prime; include_categories=\u00a0\u00bb21,26,23,24,25&Prime; more_text=\u00a0\u00bbD\u00e9couvrir le projet\u00a0\u00bb use_manual_excerpt=\u00a0\u00bboff\u00a0\u00bb excerpt_length=\u00a0\u00bb0&Prime; show_meta=\u00a0\u00bboff\u00a0\u00bb bg_overlay_color=\u00a0\u00bbrgba(168,103,198,0.39)\u00a0\u00bb use_text_overlay=\u00a0\u00bboff\u00a0\u00bb arrows_custom_color=\u00a0\u00bb#FFFFFF\u00a0\u00bb dot_nav_custom_color=\u00a0\u00bb#FFFFFF\u00a0\u00bb _builder_version=\u00a0\u00bb4.23.4&Prime; _module_preset=\u00a0\u00bbdefault\u00a0\u00bb header_font=\u00a0\u00bbAboreto||||||||\u00a0\u00bb header_text_align=\u00a0\u00bbleft\u00a0\u00bb header_text_color=\u00a0\u00bb#FFFFFF\u00a0\u00bb header_font_size=\u00a0\u00bb30px\u00a0\u00bb background_color=\u00a0\u00bbgcid-773b2162-ab44-4b36-a0de-279d4784e151&Prime; custom_button=\u00a0\u00bbon\u00a0\u00bb button_text_size=\u00a0\u00bb15px\u00a0\u00bb button_text_color=\u00a0\u00bb#FFFFFF\u00a0\u00bb button_border_width=\u00a0\u00bb1px\u00a0\u00bb button_border_radius=\u00a0\u00bb30px\u00a0\u00bb button_icon=\u00a0\u00bb&#x26;||divi||400&Prime; button_on_hover=\u00a0\u00bboff\u00a0\u00bb button_alignment=\u00a0\u00bbleft\u00a0\u00bb z_index=\u00a0\u00bb90&Prime; text_orientation=\u00a0\u00bbleft\u00a0\u00bb content_width=\u00a0\u00bb100%\u00a0\u00bb height=\u00a0\u00bb900px\u00a0\u00bb custom_padding=\u00a0\u00bb400px||78px||false|false\u00a0\u00bb child_mix_blend_mode=\u00a0\u00bbmultiply\u00a0\u00bb animation_style=\u00a0\u00bbfade\u00a0\u00bb animation_delay=\u00a0\u00bb1000ms\u00a0\u00bb hover_enabled=\u00a0\u00bb0&Prime; box_shadow_style_image=\u00a0\u00bbpreset3&Prime; global_colors_info=\u00a0\u00bb{%22gcid-773b2162-ab44-4b36-a0de-279d4784e151%22:%91%22background_color%22%93}\u00a0\u00bb sticky_enabled=\u00a0\u00bb0&Prime;][\/et_pb_fullwidth_post_slider][\/et_pb_section][et_pb_section fb_built=\u00a0\u00bb1&Prime; _builder_version=\u00a0\u00bb4.23.4&Prime; _module_preset=\u00a0\u00bbdefault\u00a0\u00bb background_color=\u00a0\u00bbgcid-5d88663e-1005-41e9-b95c-6dc4a06c0559&Prime; global_colors_info=\u00a0\u00bb{%22gcid-5d88663e-1005-41e9-b95c-6dc4a06c0559%22:%91%22background_color%22%93}\u00a0\u00bb][et_pb_row column_structure=\u00a0\u00bb2_5,3_5&Prime; _builder_version=\u00a0\u00bb4.23.4&Prime; _module_preset=\u00a0\u00bbdefault\u00a0\u00bb max_width=\u00a0\u00bb90%\u00a0\u00bb global_colors_info=\u00a0\u00bb{}\u00a0\u00bb][et_pb_column type=\u00a0\u00bb2_5&Prime; _builder_version=\u00a0\u00bb4.23.4&Prime; _module_preset=\u00a0\u00bbdefault\u00a0\u00bb global_colors_info=\u00a0\u00bb{}\u00a0\u00bb][et_pb_image src=\u00a0\u00bbhttps:\/\/jf-archive.atgb-beta.com\/wp-content\/uploads\/2024\/03\/residentiel_MAISON-PERCHEE-PARIS-14_JULIE-FREOUR11.jpg\u00a0\u00bb title_text=\u00a0\u00bbresidentiel_MAISON_MEUDON-ROMANTIQUE_JULIE-FREOUR23&Prime; _builder_version=\u00a0\u00bb4.23.4&Prime; _module_preset=\u00a0\u00bbdefault\u00a0\u00bb module_alignment=\u00a0\u00bbright\u00a0\u00bb global_colors_info=\u00a0\u00bb{}\u00a0\u00bb src__hover_enabled=\u00a0\u00bbon|hover\u00a0\u00bb src__hover=\u00a0\u00bbhttps:\/\/jf-archive.atgb-beta.com\/wp-content\/uploads\/2024\/02\/residentiel_MAISON_MEUDON-ROMANTIQUE_JULIE-FREOUR23.jpg\u00a0\u00bb][\/et_pb_image][\/et_pb_column][et_pb_column type=\u00a0\u00bb3_5&Prime; _builder_version=\u00a0\u00bb4.23.4&Prime; _module_preset=\u00a0\u00bbdefault\u00a0\u00bb global_colors_info=\u00a0\u00bb{}\u00a0\u00bb][et_pb_text _builder_version=\u00a0\u00bb4.23.4&Prime; _module_preset=\u00a0\u00bb7b39e609-07da-4c2d-b385-8265485d0349&Prime; header_font=\u00a0\u00bbAboreto||||||||\u00a0\u00bb header_text_color=\u00a0\u00bb#6B6B6B\u00a0\u00bb header_2_font=\u00a0\u00bb|||on|||||\u00a0\u00bb header_2_text_color=\u00a0\u00bb#000000&Prime; header_2_font_size=\u00a0\u00bb100px\u00a0\u00bb header_2_line_height=\u00a0\u00bb1.2em\u00a0\u00bb min_height=\u00a0\u00bb40px\u00a0\u00bb custom_margin=\u00a0\u00bb23px|-80%|20px||false|false\u00a0\u00bb custom_margin_tablet=\u00a0\u00bb80px|0%|||false|false\u00a0\u00bb custom_margin_phone=\u00a0\u00bb40px|0%|||false|false\u00a0\u00bb custom_margin_last_edited=\u00a0\u00bbon|phone\u00a0\u00bb custom_padding=\u00a0\u00bb||||false|false\u00a0\u00bb header_2_font_size_tablet=\u00a0\u00bb50px\u00a0\u00bb header_2_font_size_phone=\u00a0\u00bb30px\u00a0\u00bb header_2_font_size_last_edited=\u00a0\u00bbon|phone\u00a0\u00bb locked=\u00a0\u00bboff\u00a0\u00bb global_colors_info=\u00a0\u00bb{}\u00a0\u00bb]<\/p>\n<h1>Projets\/atelier<\/h1>\n<p>[\/et_pb_text][et_pb_text _builder_version=\u00a0\u00bb4.23.4&Prime; _module_preset=\u00a0\u00bbaec0be99-8a53-4f75-abf2-64f29a8b4cc2&Prime; text_font=\u00a0\u00bbInter|500|||||||\u00a0\u00bb text_text_color=\u00a0\u00bbgcid-e3527467-9006-4344-b292-f2cc636783b6&Prime; text_line_height=\u00a0\u00bb1.5em\u00a0\u00bb link_text_color=\u00a0\u00bb#000000&Prime; text_orientation=\u00a0\u00bbjustified\u00a0\u00bb max_width=\u00a0\u00bb80%\u00a0\u00bb custom_margin=\u00a0\u00bb||5px|||\u00a0\u00bb custom_padding=\u00a0\u00bb||20px||false|false\u00a0\u00bb text_font_size_tablet=\u00a0\u00bb16px\u00a0\u00bb text_font_size_phone=\u00a0\u00bb14px\u00a0\u00bb text_font_size_last_edited=\u00a0\u00bbon|phone\u00a0\u00bb global_colors_info=\u00a0\u00bb{%22gcid-e3527467-9006-4344-b292-f2cc636783b6%22:%91%22text_text_color%22%93}\u00a0\u00bb]<\/p>\n<p>Depuis 2011, l\u2019atelier parisien de Julie Fr\u00e9our, architecte D.P.L.G., a r\u00e9alis\u00e9 plus d\u2019une centaine de projets \u00e0 Paris, en r\u00e9gion parisienne et en province, travaill\u00e9 \u00e0 la r\u00e9novation d\u2019habitats r\u00e9sidentiels ou professionnels. Sa mission\u00a0est d\u2019\u0153uvrer \u00e0 la pr\u00e9servation du b\u00e2ti existant, tout en le redessinant pour le r\u00e9enchanter. Pour chaque projet qui lui est confi\u00e9, l\u2019atelier s\u2019attache \u00e0 concilier les contraintes spatiales, humaines, fonctionnelles mais aussi r\u00e8glementaires, environnementales, techniques, esth\u00e9tiques, financi\u00e8res\u2026 L\u2019atelier a \u00e0 c\u0153ur, depuis la conception jusqu\u2019\u00e0 la r\u00e9ception, de prodiguer un accompagnement personnalis\u00e9 de ses clients, dans l\u2019\u00e9coute et le respect mutuel, en \u00e9changes et concertation.<\/p>\n<p>[\/et_pb_text][et_pb_button button_text=\u00a0\u00bbVoir les projets\u00a0\u00bb disabled_on=\u00a0\u00bbon|on|on\u00a0\u00bb _builder_version=\u00a0\u00bb4.23.4&Prime; _module_preset=\u00a0\u00bba93bd5f4-85ca-4af8-aab9-5954042d5969&Prime; custom_button=\u00a0\u00bbon\u00a0\u00bb button_text_size=\u00a0\u00bb14px\u00a0\u00bb button_text_color=\u00a0\u00bbgcid-e3527467-9006-4344-b292-f2cc636783b6&Prime; button_border_width=\u00a0\u00bb1px\u00a0\u00bb button_border_color=\u00a0\u00bbgcid-e3527467-9006-4344-b292-f2cc636783b6&Prime; button_border_radius=\u00a0\u00bb40px\u00a0\u00bb button_letter_spacing=\u00a0\u00bb1px\u00a0\u00bb button_font=\u00a0\u00bb||||||||\u00a0\u00bb button_icon=\u00a0\u00bb&#x26;||divi||400&Prime; button_on_hover=\u00a0\u00bboff\u00a0\u00bb custom_padding=\u00a0\u00bb5px|44px|5px|44px|true|true\u00a0\u00bb custom_padding_tablet=\u00a0\u00bb16px|28px|16px|28px|true|true\u00a0\u00bb custom_padding_phone=\u00a0\u00bb14px|20px|14px|20px|true|true\u00a0\u00bb custom_padding_last_edited=\u00a0\u00bbon|phone\u00a0\u00bb button_text_size_tablet=\u00a0\u00bb15px\u00a0\u00bb button_text_size_phone=\u00a0\u00bb14px\u00a0\u00bb button_text_size_last_edited=\u00a0\u00bbon|tablet\u00a0\u00bb disabled=\u00a0\u00bbon\u00a0\u00bb locked=\u00a0\u00bboff\u00a0\u00bb global_colors_info=\u00a0\u00bb{%22gcid-e3527467-9006-4344-b292-f2cc636783b6%22:%91%22button_text_color%22,%22button_border_color%22%93}\u00a0\u00bb button_text_color__hover_enabled=\u00a0\u00bboff|hover\u00a0\u00bb button_bg_color__hover=\u00a0\u00bb#372E2B\u00a0\u00bb button_bg_color__hover_enabled=\u00a0\u00bbon|hover\u00a0\u00bb][\/et_pb_button][et_pb_image src=\u00a0\u00bbhttps:\/\/jf-archive.atgb-beta.com\/wp-content\/uploads\/2024\/03\/residentiel_MAISON-CAMELEON-MALAKOFF_JULIE-FREOUR30.jpg\u00a0\u00bb title_text=\u00a0\u00bbresidentiel_MAISON CAMELEON MALAKOFF_JULIE-FREOUR31&Prime; _builder_version=\u00a0\u00bb4.23.4&Prime; _module_preset=\u00a0\u00bbdefault\u00a0\u00bb width_tablet=\u00a0\u00bb64%\u00a0\u00bb width_phone=\u00a0\u00bb64%\u00a0\u00bb width_last_edited=\u00a0\u00bbon|desktop\u00a0\u00bb module_alignment=\u00a0\u00bbright\u00a0\u00bb module_alignment_tablet=\u00a0\u00bbright\u00a0\u00bb module_alignment_phone=\u00a0\u00bbright\u00a0\u00bb module_alignment_last_edited=\u00a0\u00bbon|desktop\u00a0\u00bb global_colors_info=\u00a0\u00bb{}\u00a0\u00bb src__hover_enabled=\u00a0\u00bbon|hover\u00a0\u00bb src__hover=\u00a0\u00bbhttps:\/\/jf-archive.atgb-beta.com\/wp-content\/uploads\/2024\/03\/residentiel_MAISON-CAMELEON-MALAKOFF_JULIE-FREOUR31.jpg\u00a0\u00bb][\/et_pb_image][\/et_pb_column][\/et_pb_row][\/et_pb_section][et_pb_section fb_built=\u00a0\u00bb1&Prime; disabled_on=\u00a0\u00bbon|on|on\u00a0\u00bb _builder_version=\u00a0\u00bb4.23.4&Prime; _module_preset=\u00a0\u00bbdefault\u00a0\u00bb background_color=\u00a0\u00bbgcid-d2e4a907-fd38-4a70-a871-0f8616c2732e\u00a0\u00bb disabled=\u00a0\u00bbon\u00a0\u00bb global_colors_info=\u00a0\u00bb{%22gcid-d2e4a907-fd38-4a70-a871-0f8616c2732e%22:%91%22background_color%22%93}\u00a0\u00bb][et_pb_row column_structure=\u00a0\u00bb1_3,2_3&Prime; _builder_version=\u00a0\u00bb4.23.4&Prime; _module_preset=\u00a0\u00bbdefault\u00a0\u00bb max_width=\u00a0\u00bb100%\u00a0\u00bb max_width_tablet=\u00a0\u00bb100%\u00a0\u00bb max_width_phone=\u00a0\u00bb100%\u00a0\u00bb max_width_last_edited=\u00a0\u00bbon|tablet\u00a0\u00bb global_colors_info=\u00a0\u00bb{}\u00a0\u00bb][et_pb_column type=\u00a0\u00bb1_3&Prime; _builder_version=\u00a0\u00bb4.23.4&Prime; _module_preset=\u00a0\u00bbdefault\u00a0\u00bb global_colors_info=\u00a0\u00bb{}\u00a0\u00bb][et_pb_image src=\u00a0\u00bbhttps:\/\/jf-archive.atgb-beta.com\/wp-content\/uploads\/2024\/03\/residentiel_METAMORPHOSIS_JULIE-FREOUR6.jpg\u00a0\u00bb title_text=\u00a0\u00bbresidentiel_JARDIN D&rsquo;HIVER &#8211; PARIS 12_JULIE-FREOUR1&Prime; _builder_version=\u00a0\u00bb4.23.4&Prime; _module_preset=\u00a0\u00bbdefault\u00a0\u00bb global_colors_info=\u00a0\u00bb{}\u00a0\u00bb src__hover_enabled=\u00a0\u00bbon|desktop\u00a0\u00bb src__hover=\u00a0\u00bbhttps:\/\/jf-archive.atgb-beta.com\/wp-content\/uploads\/2024\/03\/residentiel_JARDIN-DHIVER-PARIS-12_JULIE-FREOUR1.jpg\u00a0\u00bb][\/et_pb_image][\/et_pb_column][et_pb_column type=\u00a0\u00bb2_3&Prime; _builder_version=\u00a0\u00bb4.23.4&Prime; _module_preset=\u00a0\u00bbdefault\u00a0\u00bb global_colors_info=\u00a0\u00bb{}\u00a0\u00bb][et_pb_text _builder_version=\u00a0\u00bb4.23.4&Prime; _module_preset=\u00a0\u00bb7b39e609-07da-4c2d-b385-8265485d0349&Prime; header_2_font=\u00a0\u00bbKrona One|||on|||||\u00a0\u00bb header_2_text_color=\u00a0\u00bb#000000&Prime; header_2_font_size=\u00a0\u00bb100px\u00a0\u00bb header_2_line_height=\u00a0\u00bb1.2em\u00a0\u00bb custom_margin=\u00a0\u00bb23px|-80%|16px||false|false\u00a0\u00bb custom_margin_tablet=\u00a0\u00bb80px|0%|||false|false\u00a0\u00bb custom_margin_phone=\u00a0\u00bb40px|0%|||false|false\u00a0\u00bb custom_margin_last_edited=\u00a0\u00bbon|phone\u00a0\u00bb custom_padding=\u00a0\u00bb||||false|false\u00a0\u00bb header_2_font_size_tablet=\u00a0\u00bb50px\u00a0\u00bb header_2_font_size_phone=\u00a0\u00bb30px\u00a0\u00bb header_2_font_size_last_edited=\u00a0\u00bbon|phone\u00a0\u00bb locked=\u00a0\u00bboff\u00a0\u00bb global_colors_info=\u00a0\u00bb{}\u00a0\u00bb]<\/p>\n<h1>Le studio<\/h1>\n<p>[\/et_pb_text][et_pb_text _builder_version=\u00a0\u00bb4.23.4&Prime; _module_preset=\u00a0\u00bbaec0be99-8a53-4f75-abf2-64f29a8b4cc2&Prime; text_font=\u00a0\u00bb||||||||\u00a0\u00bb link_text_color=\u00a0\u00bb#000000&Prime; max_width=\u00a0\u00bb60%\u00a0\u00bb custom_margin=\u00a0\u00bb||14px|||\u00a0\u00bb text_font_size_tablet=\u00a0\u00bb16px\u00a0\u00bb text_font_size_phone=\u00a0\u00bb14px\u00a0\u00bb text_font_size_last_edited=\u00a0\u00bbon|phone\u00a0\u00bb global_colors_info=\u00a0\u00bb{}\u00a0\u00bb]<\/p>\n<div class=\"wpb_column vc_column_container vc_col-sm-6 vc_col-has-fill mpc-column\" data-column-id=\"mpc_column-565b77f6dc47dc\">\n<div class=\"vc_column-inner vc_custom_1481728542213\">\n<div class=\"wpb_wrapper\">\n<div id=\"mpc_textblock-8365b77f6dc4155\" class=\"mpc-textblock mpc-animation mpc-inited\" data-animation-in=\"transition.slideLeftIn||600||300||100\"><span class=\"s2\">Julie\u00a0<\/span><span class=\"s2\">Fr\u00e9our<\/span><span class=\"s2\">, Architecte D.P.L.G.,\u00a0<\/span><span class=\"s2\">n\u00e9e en 1977 et\u00a0<\/span><span class=\"s2\">d<\/span><span class=\"s2\">ipl\u00f4m\u00e9e de l\u2019\u00e9cole d\u2019architecture de Paris La Villette en 2003 (mention Tr\u00e8s Bien), explor<\/span><span class=\"s2\">e\u00a0<\/span><span class=\"s2\">l\u2019architecture\u00a0<\/span><span class=\"s2\">des mus\u00e9es<\/span><span class=\"s2\">\u00a0et \u00e9quipements culturels<\/span><span class=\"s2\">\u00a0en agences<\/span><span class=\"s2\">\u00a0d\u2019architecture \u00e0 Paris<\/span><span class=\"s2\">.<\/span><\/div>\n<\/div>\n<\/div>\n<\/div>\n<p>[\/et_pb_text][et_pb_button button_text=\u00a0\u00bbEn savoir plus \u00a0\u00bb disabled_on=\u00a0\u00bbon|on|on\u00a0\u00bb _builder_version=\u00a0\u00bb4.23.4&Prime; _module_preset=\u00a0\u00bba93bd5f4-85ca-4af8-aab9-5954042d5969&Prime; custom_button=\u00a0\u00bbon\u00a0\u00bb button_text_size=\u00a0\u00bb14px\u00a0\u00bb button_text_color=\u00a0\u00bb#000000&Prime; button_border_width=\u00a0\u00bb1px\u00a0\u00bb button_border_color=\u00a0\u00bb#000000&Prime; button_border_radius=\u00a0\u00bb40px\u00a0\u00bb button_letter_spacing=\u00a0\u00bb1px\u00a0\u00bb button_font=\u00a0\u00bb||||||||\u00a0\u00bb button_icon=\u00a0\u00bb&#x26;||divi||400&Prime; button_on_hover=\u00a0\u00bboff\u00a0\u00bb custom_padding=\u00a0\u00bb2px|30px|2px|30px|true|true\u00a0\u00bb custom_padding_tablet=\u00a0\u00bb16px|28px|16px|28px|true|true\u00a0\u00bb custom_padding_phone=\u00a0\u00bb14px|20px|14px|20px|true|true\u00a0\u00bb custom_padding_last_edited=\u00a0\u00bbon|phone\u00a0\u00bb button_text_size_tablet=\u00a0\u00bb15px\u00a0\u00bb button_text_size_phone=\u00a0\u00bb14px\u00a0\u00bb button_text_size_last_edited=\u00a0\u00bbon|tablet\u00a0\u00bb disabled=\u00a0\u00bbon\u00a0\u00bb locked=\u00a0\u00bboff\u00a0\u00bb global_colors_info=\u00a0\u00bb{}\u00a0\u00bb button_text_color__hover_enabled=\u00a0\u00bboff|hover\u00a0\u00bb button_bg_color__hover=\u00a0\u00bb#372E2B\u00a0\u00bb button_bg_color__hover_enabled=\u00a0\u00bbon|hover\u00a0\u00bb][\/et_pb_button][et_pb_image src=\u00a0\u00bbhttps:\/\/jf-archive.atgb-beta.com\/wp-content\/uploads\/2024\/02\/residentiel_MAISON_MEUDON-ROMANTIQUE_JULIE-FREOUR9.jpg\u00a0\u00bb title_text=\u00a0\u00bbresidentiel_MAISON_MEUDON-ROMANTIQUE_JULIE-FREOUR9&Prime; _builder_version=\u00a0\u00bb4.23.4&Prime; _module_preset=\u00a0\u00bbdefault\u00a0\u00bb max_width=\u00a0\u00bb80%\u00a0\u00bb max_width_tablet=\u00a0\u00bb80%\u00a0\u00bb max_width_phone=\u00a0\u00bb80%\u00a0\u00bb max_width_last_edited=\u00a0\u00bbon|desktop\u00a0\u00bb global_colors_info=\u00a0\u00bb{}\u00a0\u00bb][\/et_pb_image][\/et_pb_column][\/et_pb_row][\/et_pb_section]<\/p>\n","protected":false},"excerpt":{"rendered":"<p>Projets\/atelierDepuis 2011, l\u2019atelier parisien de Julie Fr\u00e9our, architecte D.P.L.G., a r\u00e9alis\u00e9 plus d\u2019une centaine de projets \u00e0 Paris, en r\u00e9gion parisienne et en province, travaill\u00e9 \u00e0 la r\u00e9novation d\u2019habitats r\u00e9sidentiels ou professionnels. Sa mission\u00a0est d\u2019\u0153uvrer \u00e0 la pr\u00e9servation du b\u00e2ti existant, tout en le redessinant pour le r\u00e9enchanter. Pour chaque projet qui lui est confi\u00e9, [&hellip;]<\/p>\n","protected":false},"author":1,"featured_media":1183,"parent":0,"menu_order":0,"comment_status":"closed","ping_status":"closed","template":"","meta":{"_acf_changed":false,"_et_pb_use_builder":"on","_et_pb_old_content":"","_et_gb_content_width":"","footnotes":""},"acf":[],"aioseo_notices":[],"_links":{"self":[{"href":"https:\/\/jf-archive.atgb-beta.com\/index.php\/wp-json\/wp\/v2\/pages\/275"}],"collection":[{"href":"https:\/\/jf-archive.atgb-beta.com\/index.php\/wp-json\/wp\/v2\/pages"}],"about":[{"href":"https:\/\/jf-archive.atgb-beta.com\/index.php\/wp-json\/wp\/v2\/types\/page"}],"author":[{"embeddable":true,"href":"https:\/\/jf-archive.atgb-beta.com\/index.php\/wp-json\/wp\/v2\/users\/1"}],"replies":[{"embeddable":true,"href":"https:\/\/jf-archive.atgb-beta.com\/index.php\/wp-json\/wp\/v2\/comments?post=275"}],"version-history":[{"count":50,"href":"https:\/\/jf-archive.atgb-beta.com\/index.php\/wp-json\/wp\/v2\/pages\/275\/revisions"}],"predecessor-version":[{"id":2226,"href":"https:\/\/jf-archive.atgb-beta.com\/index.php\/wp-json\/wp\/v2\/pages\/275\/revisions\/2226"}],"wp:featuredmedia":[{"embeddable":true,"href":"https:\/\/jf-archive.atgb-beta.com\/index.php\/wp-json\/wp\/v2\/media\/1183"}],"wp:attachment":[{"href":"https:\/\/jf-archive.atgb-beta.com\/index.php\/wp-json\/wp\/v2\/media?parent=275"}],"curies":[{"name":"wp","href":"https:\/\/api.w.org\/{rel}","templated":true}]}}